{"id":3515,"date":"2024-10-11T14:30:55","date_gmt":"2024-10-11T14:30:55","guid":{"rendered":"https:\/\/laserlinefustelle.com\/?page_id=3515"},"modified":"2024-10-11T14:40:07","modified_gmt":"2024-10-11T14:40:07","slug":"privacy-policy","status":"publish","type":"page","link":"https:\/\/laserlinefustelle.com\/index.php\/privacy-policy\/","title":{"rendered":"Privacy Policy"},"content":{"rendered":"<div class='flex_column av-4qah4b-39b3940ff3a4174f0494c185111b0073 av_one_full  avia-builder-el-0  el_before_av_hr  avia-builder-el-first  first flex_column_div '     ><style type=\"text\/css\" data-created_by=\"avia_inline_auto\" id=\"style-css-av-m24tnbzf-edeb8272c37639fcc183410d4964dd1b\">\n#top .av-special-heading.av-m24tnbzf-edeb8272c37639fcc183410d4964dd1b{\npadding-bottom:10px;\nfont-size:50px;\n}\nbody .av-special-heading.av-m24tnbzf-edeb8272c37639fcc183410d4964dd1b .av-special-heading-tag .heading-char{\nfont-size:25px;\n}\n#top #wrap_all .av-special-heading.av-m24tnbzf-edeb8272c37639fcc183410d4964dd1b .av-special-heading-tag{\nfont-size:50px;\n}\n.av-special-heading.av-m24tnbzf-edeb8272c37639fcc183410d4964dd1b .av-subheading{\nfont-size:15px;\n}\n\n@media only screen and (min-width: 480px) and (max-width: 767px){ \n#top #wrap_all .av-special-heading.av-m24tnbzf-edeb8272c37639fcc183410d4964dd1b .av-special-heading-tag{\nfont-size:0.8em;\n}\n}\n\n@media only screen and (max-width: 479px){ \n#top #wrap_all .av-special-heading.av-m24tnbzf-edeb8272c37639fcc183410d4964dd1b .av-special-heading-tag{\nfont-size:0.8em;\n}\n}\n<\/style>\n<div  class='av-special-heading av-m24tnbzf-edeb8272c37639fcc183410d4964dd1b av-special-heading-h1 blockquote modern-quote modern-centered  avia-builder-el-1  avia-builder-el-no-sibling  av-inherit-size'><h1 class='av-special-heading-tag'  itemprop=\"headline\"  >Privacy Policy<\/h1><div class=\"special-heading-border\"><div class=\"special-heading-inner-border\"><\/div><\/div><\/div><\/div><div  class='hr av-2tzevv-b2adf8f474d4adcbaa78d31a00175432 hr-default  avia-builder-el-2  el_after_av_one_full  el_before_av_one_full '><span class='hr-inner '><span class=\"hr-inner-style\"><\/span><\/span><\/div><\/p>\n<div class='flex_column av-av_one_full-7714eba142aeda1f8b5272a3c372b279 av_one_full  avia-builder-el-3  el_after_av_hr  avia-builder-el-last  first flex_column_div '     ><section  class='av_textblock_section av-m24u3ual-c3743654ddd36f2c0fd8fb2d8579afb4'  itemscope=\"itemscope\" itemtype=\"https:\/\/schema.org\/CreativeWork\" ><div class='avia_textblock'  itemprop=\"text\" ><div class=\"entry-content\">\n<div class=\"kingster-page-title-wrap kingster-style-small kingster-left-align\">\n<div class=\"kingster-page-title-container kingster-container\">\n<div class=\"kingster-page-title-content kingster-item-pdlr\">\n<h1 class=\"kingster-page-title\"><strong>PRIVACY POLICY<\/strong><\/h1>\n<\/div>\n<\/div>\n<\/div>\n<div id=\"kingster-page-wrapper\" class=\"kingster-page-wrapper\">\n<div class=\"gdlr-core-page-builder-body\">\n<div class=\"gdlr-core-pbf-wrapper \">\n<div class=\"gdlr-core-pbf-wrapper-content gdlr-core-js \">\n<div class=\"gdlr-core-pbf-wrapper-container clearfix gdlr-core-container\">\n<div class=\"gdlr-core-pbf-column gdlr-core-column-60 gdlr-core-column-first\">\n<div class=\"gdlr-core-pbf-column-content-margin gdlr-core-js \">\n<div class=\"gdlr-core-pbf-column-content clearfix gdlr-core-js \">\n<div class=\"gdlr-core-pbf-element\">\n<div class=\"gdlr-core-text-box-item gdlr-core-item-pdlr gdlr-core-item-pdb gdlr-core-left-align\">\n<div class=\"gdlr-core-text-box-item-content\">\n<p>La informiamo, ai sensi dell\u2019art. 13 Regolamento UE\u00a0 2016\/679 (in seguito, \u201cGDPR\u201d) che <strong>LaserLine Fustelle<\/strong> (di seguito \u201cTitolare\u201d) proceder\u00e0 al trattamento dei dati da Lei forniti nel rispetto della normativa in materia vigente e secondo quanto di seguito riportato<\/p>\n<h1 class=\"kingster-page-title\"><strong>Informazioni utili per la navigazione su questo sito: https:\/\/www.laserlinefustelle.com\/<\/strong><\/h1>\n<p><em>I sistemi informatici e le procedure software preposte al funzionamento di questo Sito acquisiscono, nel corso del loro normale esercizio, alcuni dati personali la cui trasmissione \u00e8 implicita nell\u2019uso dei protocolli di comunicazione di Internet.<\/em><\/p>\n<p><em>Si tratta di informazioni che non sono raccolte per essere associate a interessati identificati, ma che per loro stessa natura potrebbero, attraverso elaborazioni ed associazioni con dati detenuti da terzi, permettere di identificare gli utenti. In questa categoria di dati rientrano gli indirizzi IP o i nomi a dominio dei computer utilizzati dagli utenti che si connettono al Sito, gli indirizzi in notazione URI (Uniform Resource Identifier) delle risorse richieste, l\u2019orario della richiesta, il metodo utilizzato nel sottoporre la richiesta al server, la dimensione del file ottenuto in risposta, il codice numerico indicante lo stato della risposta data dal server (buon fine, errore) ed altri parametri relativi al tuo sistema operativo ed al tuo ambiente informatico.<\/em><\/p>\n<p><em>L\u2019indirizzo IP viene trasmesso ogniqualvolta si sottoponga una richiesta al server, al fine di consentire al server stesso di indirizzare correttamente la risposta. Al momento della connessione, il Provider di Servizi Internet (ISP) assegna all\u2019utente un indirizzo IP, ed \u00e8 in grado di risalire allo specifico cliente al quale un determinato indirizzo IP \u00e8 stato assegnato in un qualsiasi momento.<\/em><\/p>\n<p><em>Fintanto che l\u2019indirizzo IP rimane memorizzato, \u00e8 possibile, in teoria, identificare il proprietario della connessione Internet tramite l\u2019ISP. Per questo motivo, n\u00e9 la nostra azienda, n\u00e9 i suoi fornitori di servizi statistici memorizzano l\u2019indirizzo IP dell\u2019utente in modo permanente, ma soltanto in via temporanea ai fini del riconoscimento della sessione, nonch\u00e9 per ragioni di sicurezza (ad esempio, al fine di scongiurare eventuali attacchi informatici).<\/em><\/p>\n<p><em>Successivamente, l\u2019indirizzo IP viene immediatamente cancellato, trasformando cos\u00ec in forma anonima eventuali dati raccolti.<\/em><\/p>\n<p><em>Non sar\u00e0 dunque pi\u00f9 possibile identificare l\u2019utente, nemmeno tramite il Fornitore di Servizi Internet.<\/em><\/p>\n<p><em>I dati potrebbero essere utilizzati per l\u2019accertamento di responsabilit\u00e0 in caso di ipotetici reati informatici ai danni del Sito. I dati di navigazione sono trattati per il nostro legittimo interesse a garantire la sicurezza del Sito, controllarne il corretto funzionamento ed ottenere statistiche in relazione al suo utilizzo (art. 6, co. 1, let. f del Regolamento).<\/em><\/p>\n<p><em>Questo sito utilizza, inoltre i c.d. cookie.<\/em><\/p>\n<p><em>Per maggiori informazioni sui cookie e per gestire le tue preferenze in relazione ad essi, ti preghiamo di consultare la nostra Cookie Policy.<\/em><\/p>\n<p><strong>\u00a0<\/strong><\/p>\n<p><strong>TITOLARE DEL TRATTAMENTO<\/strong><\/p>\n<p><strong>LaserLine Fustelle<\/strong> con sede legale in Viale Olimpico,5\u00a0 \u2013 80025 Casandrino (NA) \u00e8 il titolare del trattamento dei dati personali dell\u2019utente, indirizzo e-mail info@laserlinefustelle.com. L\u2019utilizzo dei dati da parte del Titolare avviene nel rispetto delle disposizioni del Regolamento UE 2016\/679 (GDPR), nonch\u00e9 conformemente alle altre normative di riferimento.<\/p>\n<p><strong>\u00a0<\/strong><\/p>\n<p><strong>RESPONSABILE DELLA PROTEZIONE DEI DATI<\/strong><\/p>\n<p>Il Responsabile della Protezione dei dati pu\u00f2 essere contattato all\u2019indirizzo e-mail:\u00a0<a href=\"mailto:info@laserlinefustelle.com\">info@laserlinefustelle.com<\/a><\/p>\n<p><strong>FINALITA\u2019\u00a0<\/strong><strong>DEL TRATTAMENTO<\/strong><\/p>\n<p>I dati sono, oltre i dati di navigazione come sopra specificati, i Suoi dati personali in particolar modo, Nome e indirizzo E-mail, sono trattati:<\/p>\n<ul>\n<li><u>Senza il Suo consenso espresso (art. 6 lett. b, c, f GDPR)<\/u>\u00a0per le seguenti finalit\u00e0 di servizio:<\/li>\n<li>Dar seguito alle Sue richieste (registrazione al sito, richiesta informazioni,);<\/li>\n<li>Adempimento ad obblighi legali, contabili, fiscali, amministrativi e contrattuali connessi all\u2019eventuale instaurazione di un rapporto tra il Titolare e l\u2019utente;<\/li>\n<li>Gestione dei rapporti con autorit\u00e0 ed enti pubblici terzi per finalit\u00e0 connesse a particolari richieste;<\/li>\n<li>Esercizio dei diritti del Titolare, ad esempio il diritto di difesa in giudizio;<\/li>\n<li>Invio da parte di <strong>LaserLine Fustelle<\/strong> di newsletter.<\/li>\n<li><u>Solo previo Suo specifico e distinto consenso (art. 7 GDPR)<\/u>, mediante spunta della casella nell\u2019apposito form (modulo) di contatto, per le seguenti finalit\u00e0:<\/li>\n<li>Invio da parte di\u00a0<strong>LaserLine Fustelle<\/strong> di DEM (Direct E-mail Marketing), informazioni pubblicitarie riguardanti i servizi offerti dal Titolare;<\/li>\n<\/ul>\n<p>Le comunicazioni, di cui ai punti precedenti, potranno avvenire in modalit\u00e0 tradizionali (es. via posta cartacea) e assimilabili (es. e-mail), in base ai dati forniti in fase di contatto.<\/p>\n<p>L\u2019Utente ha il diritto di revocare il proprio consenso in qualsiasi momento, anche in maniera selettiva. La revoca non pregiudica la liceit\u00e0 del trattamento basato sul consenso prima della revoca.<\/p>\n<p>La revoca del consenso pu\u00f2 essere richiesta contattando il Titolare del trattamento ai contatti indicati nella presente informativa, oppure nelle comunicazioni elettroniche ricevute, la revoca del consenso pu\u00f2 essere esercitata cliccando sul link di cancellazione (opt-out) presente nella mail stessa.<\/p>\n<p><strong>LaserLine Fustelle<\/strong> non tratta alcuna categoria particolare di dati personali all\u2019interno del proprio sito web, secondo quanto definito dall\u2019articolo 9 (1) del GDPR<\/p>\n<p><strong>MODALIT<\/strong><strong>\u00c0\u00a0<\/strong><strong>DEL TRATTAMENTO<\/strong><\/p>\n<p>I dati saranno raccolti in formato elettronico, sono forniti volontariamente dall\u2019utente in seguito alla compilazione del form (modulo) di contatto. L\u2019Utente \u00e8 libero di non fornire tali dati, tuttavia, il loro mancato conferimento pu\u00f2 comportare l\u2019impossibilit\u00e0 di ottenere quanto richiesto.<\/p>\n<p>In caso di mancato consenso al trattamento dei dati personali per le finalit\u00e0 per le quali \u00e8 previsto, la possibilit\u00e0 di navigare al Sito o di ottenere quanto richiesto non sar\u00e0 in alcun modo pregiudicata.<\/p>\n<p><strong>\u00a0<\/strong><\/p>\n<p><strong>COMUNICAZIONI DEI DATI<\/strong><\/p>\n<p>Eventuali trasferimenti di dati personali dell\u2019utente in favore di terzi avverranno esclusivamente previo consenso dell\u2019utente. Fanno eccezione i trasferimenti di dati obbligatori ai sensi di legge, come nel caso in cui il Titolare deve comunicare i dati dell\u2019utente su richiesta di pubbliche autorit\u00e0, nei casi previsti dalla legge.<\/p>\n<p>Potranno avere accesso ai dati personali i dipendenti appositamente autorizzati e professionisti esterni, anch\u2019essi nominati dal Titolare (ad esempio che si occupano della manutenzione e gestione del Sito) fermo restando che tali soggetti dovranno fornire sufficienti garanzie per implementare misure tecniche e organizzative adeguate in misura tale che il trattamento dei dati personali sia conforme ai requisiti del GDPR e garantisca la tutela dei diritti del soggetto interessato.<\/p>\n<p><strong>\u00a0<\/strong><\/p>\n<p><strong>TRASFERIMENTO DATI<\/strong><\/p>\n<p>I dati personali sono conservati su server ubicati all\u2019interno dell\u2019Unione Europea. Laddove, si rendesse necessario, spostare i server anche extra-UE, il Titolare assicura sin d\u2019ora che il trasferimento dei dati avverr\u00e0 in conformit\u00e0 alle disposizioni di legge applicabili, previa stipula delle clausole contrattuali standard previste dalla Commissione Europea e sulla base delle condizioni di adeguatezza di ogni singolo Paese.<\/p>\n<p>L\u2019Utente ad ogni modo sar\u00e0 messo al corrente e nella condizione di poter esercitare i propri diritti, in caso di trasferimento.<\/p>\n<p><strong>DURATA TRATTAMENTO<\/strong><\/p>\n<p>I dati raccolti per le finalit\u00e0 che corrispondono ad adempimenti ad obblighi a cui \u00e8 soggetto il titolare saranno conservati per una durata massima di 10 anni, cos\u00ec come previsto dalla normativa nazionale. Per quanto riguarda i dati forniti dall\u2019Utente per le finalit\u00e0 di marketing e\/o in relazione a richieste che non hanno comportato l\u2019instaurazione di alcun tipo di rapporto con il titolare, saranno conservati per un periodo massimo di 24 mesi.<\/p>\n<p><strong>DIRITTI DELL\u2019INTERESSATO<\/strong><\/p>\n<p>Il Regolamento UE 2016\/679 riconosce all\u2019Interessato (Utente) una serie di diritti, nello specifico:<\/p>\n<ul>\n<li>Diritto di accesso (art. 15 GDPR), l\u2019Utente ha il diritto, in qualsiasi momento, di ottenere dal titolare del trattamento la conferma o meno dell\u2019esistenza di un trattamento di dati personali che lo riguardano e in caso positivo, ha diritto di ottenere l\u2019accesso ai dati;<\/li>\n<li>Diritto di rettifica (art. 16 GDPR), l\u2019Utente ha il diritto di ottenere dal titolare del trattamento la rettifica dei dati personali inesatti o un\u2019integrazione dei dati incompleti, che lo riguardano senza ingiustificato ritardo;<\/li>\n<li>Diritto alla cancellazione \u2013 diritto all\u2019oblio \u2013 (art. 17 GDPR), tale diritto integra il diritto di rettifica e di integrazione, pu\u00f2 essere esercitato dall\u2019Utente solo in presenza di particolari condizioni, specificatamente indicate nel GDPR;<\/li>\n<li>Diritto di limitazione di trattamento (art. 18 GDPR), l\u2019Utente ha il diritto di chiedere la limitazione del trattamento al ricorrere di una delle quattro condizioni previste esplicitamente dal Regolamento UE, tale diritto consiste nella temporanea esecuzione della sola operazione di conservazione dei dati personali, con conseguente inutilizzabilit\u00e0 e inaccessibilit\u00e0 dei dati per tutto il periodo della limitazione;<\/li>\n<li>Obbligo di notifica in caso di rettifica o cancellazione dei dati personali o limitazioni del trattamento (art. 19 GDPR), il titolare del trattamento \u00e8 obbligato a comunicare all\u2019interessato (Utente) la rettifica, la cancellazione o la limitazione di trattamento effettuate;<\/li>\n<li>Diritto alla portabilit\u00e0 dei dati (art. 20 GDPR), l\u2019Utente ha il diritto di ricevere in un formato di uso comune e leggibile da qualsiasi dispositivo automatico i dati personali che lo riguardano;<\/li>\n<li>Diritto di opposizione (art.21 GDPR), l\u2019Utente pu\u00f2 opporsi in qualsiasi momento al trattamento dei dati personali, il titolare una volta ricevuta la richiesta dovr\u00e0 far cessare, in via definitiva, il trattamento dei dati personali, astenendosi dal medesimo;<\/li>\n<li>Processo automatizzato relativo alle persone fisiche, compresa la profilazione (art. 22 GDPR), l\u2019Utente ha il diritto di non essere sottoposto ad una decisione basata unicamente sul trattamento automatizzato compresa la profilazione, a meno che non si verifichino una delle condizioni previste dal Regolamento UE.<\/li>\n<\/ul>\n<p><strong>\u00a0<\/strong><\/p>\n<p><strong>MODALIT<\/strong><strong>\u00c0\u00a0<\/strong><strong>DI ESERCIZIO DEI DIRITTI<\/strong><\/p>\n<p>L\u2019Utente potr\u00e0 in qualsiasi momento esercitare i propri diritti inviando una comunicazione:<\/p>\n<ul>\n<li>Tramite raccomandata a\/r all\u2019indirizzo della sede legale del Titolare in Viale Olimpico, 5 &#8211; 80025 Casandrino(NA);<\/li>\n<li>tramite comunicazione elettronica ordinaria all\u2019indirizzo e-mail <a href=\"mailto:info@laserlinefustelle.com\">info@laserlinefustelle.com<\/a>.<\/li>\n<\/ul>\n<p><strong>\u00a0<\/strong><\/p>\n<p>La richiesta deve essere corredata di documento di riconoscimento dell\u2019interessato (Utente) che avanza la richiesta. Una volta soddisfatti tutti i requisiti legali per l\u2019elaborazione della richiesta inoltrata, il Titolare dar\u00e0 seguito alla stessa nel termine massimo di 1 (un) mese, prorogabile a 2 (due) mesi previo avviso e motivazione da parte del titolare del trattamento<\/p>\n<p>Secondo quanto stabilito dalle disposizioni del GDPR e della legge italiana in materia di privacy e protezione dei dati personali, nel caso in cui il trattamento dei dati personali sia stato svolto in maniera illegittima, l\u2019Utente potr\u00e0 presentare reclamo all\u2019Autorit\u00e0 Garante, indirizzandolo nello specifico, all\u2019ufficio del Garante per la protezione dei dati personali \u2013 P.zza Venezia n. 11 \u2013 00187 Roma.<\/p>\n<\/div>\n<\/div>\n<\/div>\n<\/div>\n<\/div>\n<\/div>\n<\/div>\n<\/div>\n<\/div>\n<\/div>\n<\/div>\n<\/div>\n<\/div><\/section><\/div>\n","protected":false},"excerpt":{"rendered":"<p>This is a Page excerpt. It will be displayed for search results<\/p>\n","protected":false},"author":1,"featured_media":0,"parent":0,"menu_order":0,"comment_status":"open","ping_status":"closed","template":"","meta":{"footnotes":""},"class_list":["post-3515","page","type-page","status-publish","hentry"],"_links":{"self":[{"href":"https:\/\/laserlinefustelle.com\/index.php\/wp-json\/wp\/v2\/pages\/3515","targetHints":{"allow":["GET"]}}],"collection":[{"href":"https:\/\/laserlinefustelle.com\/index.php\/wp-json\/wp\/v2\/pages"}],"about":[{"href":"https:\/\/laserlinefustelle.com\/index.php\/wp-json\/wp\/v2\/types\/page"}],"author":[{"embeddable":true,"href":"https:\/\/laserlinefustelle.com\/index.php\/wp-json\/wp\/v2\/users\/1"}],"replies":[{"embeddable":true,"href":"https:\/\/laserlinefustelle.com\/index.php\/wp-json\/wp\/v2\/comments?post=3515"}],"version-history":[{"count":2,"href":"https:\/\/laserlinefustelle.com\/index.php\/wp-json\/wp\/v2\/pages\/3515\/revisions"}],"predecessor-version":[{"id":3519,"href":"https:\/\/laserlinefustelle.com\/index.php\/wp-json\/wp\/v2\/pages\/3515\/revisions\/3519"}],"wp:attachment":[{"href":"https:\/\/laserlinefustelle.com\/index.php\/wp-json\/wp\/v2\/media?parent=3515"}],"curies":[{"name":"wp","href":"https:\/\/api.w.org\/{rel}","templated":true}]}}