{"id":1023,"date":"2013-04-03T16:26:07","date_gmt":"2013-04-03T16:26:07","guid":{"rendered":"http:\/\/www.kriesi.at\/themes\/enfold\/?page_id=1023"},"modified":"2024-10-14T14:04:53","modified_gmt":"2024-10-14T14:04:53","slug":"produzione","status":"publish","type":"page","link":"https:\/\/laserlinefustelle.com\/index.php\/produzione\/","title":{"rendered":"Produzione"},"content":{"rendered":"<div class='flex_column av-1yn3pr-59ac60b1a032cf2b4fcc06e7d82a1c90 av_one_full  avia-builder-el-0  el_before_av_hr  avia-builder-el-first  first flex_column_div '     ><style type=\"text\/css\" data-created_by=\"avia_inline_auto\" id=\"style-css-av-m24ticf0-c10bea48c066276678d208be817966d5\">\n#top .av-special-heading.av-m24ticf0-c10bea48c066276678d208be817966d5{\npadding-bottom:10px;\nfont-size:50px;\n}\nbody .av-special-heading.av-m24ticf0-c10bea48c066276678d208be817966d5 .av-special-heading-tag .heading-char{\nfont-size:25px;\n}\n#top #wrap_all .av-special-heading.av-m24ticf0-c10bea48c066276678d208be817966d5 .av-special-heading-tag{\nfont-size:50px;\n}\n.av-special-heading.av-m24ticf0-c10bea48c066276678d208be817966d5 .av-subheading{\nfont-size:15px;\n}\n\n@media only screen and (min-width: 480px) and (max-width: 767px){ \n#top #wrap_all .av-special-heading.av-m24ticf0-c10bea48c066276678d208be817966d5 .av-special-heading-tag{\nfont-size:0.8em;\n}\n}\n\n@media only screen and (max-width: 479px){ \n#top #wrap_all .av-special-heading.av-m24ticf0-c10bea48c066276678d208be817966d5 .av-special-heading-tag{\nfont-size:0.8em;\n}\n}\n<\/style>\n<div  class='av-special-heading av-m24ticf0-c10bea48c066276678d208be817966d5 av-special-heading-h1 blockquote modern-quote modern-centered  avia-builder-el-1  avia-builder-el-no-sibling  av-inherit-size'><h1 class='av-special-heading-tag'  itemprop=\"headline\"  >Produzione<\/h1><div class=\"special-heading-border\"><div class=\"special-heading-inner-border\"><\/div><\/div><\/div><\/div>\n<div  class='hr av-2nanvj-7e6d69b3b9f7cf8ddff03cf267cec672 hr-default  avia-builder-el-2  el_after_av_one_full  el_before_av_one_half '><span class='hr-inner '><span class=\"hr-inner-style\"><\/span><\/span><\/div>\n<div class='flex_column av-bkay3z-117bc95d7d3a83cee3d13b6b5588f99f av_one_half  avia-builder-el-3  el_after_av_hr  el_before_av_one_half  first flex_column_div '     ><style type=\"text\/css\" data-created_by=\"avia_inline_auto\" id=\"style-css-av-m24kc9mh-75468783908e37d5235283de4899c022\">\n#top .av-special-heading.av-m24kc9mh-75468783908e37d5235283de4899c022{\npadding-bottom:10px;\nfont-size:24px;\n}\nbody .av-special-heading.av-m24kc9mh-75468783908e37d5235283de4899c022 .av-special-heading-tag .heading-char{\nfont-size:25px;\n}\n#top #wrap_all .av-special-heading.av-m24kc9mh-75468783908e37d5235283de4899c022 .av-special-heading-tag{\nfont-size:24px;\n}\n.av-special-heading.av-m24kc9mh-75468783908e37d5235283de4899c022 .av-subheading{\nfont-size:40px;\n}\n\n@media only screen and (min-width: 480px) and (max-width: 767px){ \n#top #wrap_all .av-special-heading.av-m24kc9mh-75468783908e37d5235283de4899c022 .av-special-heading-tag{\nfont-size:0.8em;\n}\n}\n\n@media only screen and (max-width: 479px){ \n#top #wrap_all .av-special-heading.av-m24kc9mh-75468783908e37d5235283de4899c022 .av-special-heading-tag{\nfont-size:0.8em;\n}\n}\n<\/style>\n<div  class='av-special-heading av-m24kc9mh-75468783908e37d5235283de4899c022 av-special-heading-h1 blockquote modern-quote  avia-builder-el-4  avia-builder-el-no-sibling  av-inherit-size'><h1 class='av-special-heading-tag'  itemprop=\"headline\"  >Produzione<\/h1><div class='av-subheading av-subheading_below'><p>I Leader Guardano Sempre Al Futuro<\/p>\n<\/div><div class=\"special-heading-border\"><div class=\"special-heading-inner-border\"><\/div><\/div><\/div><\/div>\n<div class='flex_column av-8z81e7-d20e774c37ca2722e29334d766965fa8 av_one_half  avia-builder-el-5  el_after_av_one_half  el_before_av_hr  flex_column_div '     ><div  class='avia-icon-list-container av-m24kjzfw-34191bbab2b83e98fb9f2be3691d7184  avia-builder-el-6  avia-builder-el-no-sibling '><ul class='avia-icon-list avia_animate_when_almost_visible avia-icon-list-left av-iconlist-big av-m24kjzfw-34191bbab2b83e98fb9f2be3691d7184 avia-iconlist-animate'>\n<li><div class='iconlist_icon av-m24kloqi-06130d0e7bd5e0ab9d621c1142fbc82a avia-font-entypo-fontello'><span class='iconlist-char' aria-hidden='true' data-av_icon='\ue812' data-av_iconfont='entypo-fontello'><\/span><\/div><article class=\"article-icon-entry av-iconlist-empty\"  itemscope=\"itemscope\" itemtype=\"https:\/\/schema.org\/CreativeWork\" ><div class=\"iconlist_content_wrap\"><header class=\"entry-content-header\"><h4 class='av_iconlist_title iconlist_title  '  itemprop=\"headline\" >Investimenti Tecnologici<\/h4><\/header><div class='iconlist_content '  itemprop=\"text\" ><\/div><\/div><footer class=\"entry-footer\"><\/footer><\/article><div class=\"iconlist-timeline\"><\/div><\/li>\n<li><div class='iconlist_icon av-m24kloqi-9-933339b7b047b40721b08fa8bccccf72 avia-font-entypo-fontello'><span class='iconlist-char' aria-hidden='true' data-av_icon='\ue812' data-av_iconfont='entypo-fontello'><\/span><\/div><article class=\"article-icon-entry av-iconlist-empty\"  itemscope=\"itemscope\" itemtype=\"https:\/\/schema.org\/CreativeWork\" ><div class=\"iconlist_content_wrap\"><header class=\"entry-content-header\"><h4 class='av_iconlist_title iconlist_title  '  itemprop=\"headline\" >Alta Precisione su Assemblaggi <\/h4><\/header><div class='iconlist_content '  itemprop=\"text\" ><\/div><\/div><footer class=\"entry-footer\"><\/footer><\/article><div class=\"iconlist-timeline\"><\/div><\/li>\n<li><div class='iconlist_icon av-m24kloqi-8-0767d3d653bbec8297dea525d270140b avia-font-entypo-fontello'><span class='iconlist-char' aria-hidden='true' data-av_icon='\ue812' data-av_iconfont='entypo-fontello'><\/span><\/div><article class=\"article-icon-entry av-iconlist-empty\"  itemscope=\"itemscope\" itemtype=\"https:\/\/schema.org\/CreativeWork\" ><div class=\"iconlist_content_wrap\"><header class=\"entry-content-header\"><h4 class='av_iconlist_title iconlist_title  '  itemprop=\"headline\" > Elevata Capacit\u00e0 Produttiva  <\/h4><\/header><div class='iconlist_content '  itemprop=\"text\" ><\/div><\/div><footer class=\"entry-footer\"><\/footer><\/article><div class=\"iconlist-timeline\"><\/div><\/li>\n<li><div class='iconlist_icon av-m24kloqi-7-a90dea6753007bde8eaf9497561ca018 avia-font-entypo-fontello'><span class='iconlist-char' aria-hidden='true' data-av_icon='\ue812' data-av_iconfont='entypo-fontello'><\/span><\/div><article class=\"article-icon-entry av-iconlist-empty\"  itemscope=\"itemscope\" itemtype=\"https:\/\/schema.org\/CreativeWork\" ><div class=\"iconlist_content_wrap\"><header class=\"entry-content-header\"><h4 class='av_iconlist_title iconlist_title  '  itemprop=\"headline\" >Post Vendita Dedicato <\/h4><\/header><div class='iconlist_content '  itemprop=\"text\" ><\/div><\/div><footer class=\"entry-footer\"><\/footer><\/article><div class=\"iconlist-timeline\"><\/div><\/li>\n<\/ul><\/div><\/div>\n<div  class='hr av-86gdfz-9c89a091f65af72e55d59449ceb8296f hr-default  avia-builder-el-7  el_after_av_one_half  el_before_av_one_half '><span class='hr-inner '><span class=\"hr-inner-style\"><\/span><\/span><\/div>\n<div class='flex_column av-m24lar3d-4cda28c489b71250cfea0c3f6b21045d av_one_half  avia-builder-el-8  el_after_av_hr  el_before_av_one_half  first flex_column_div '     ><style type=\"text\/css\" data-created_by=\"avia_inline_auto\" id=\"style-css-av-m24kwmcq-e30e974c30de1da99a12dbda8d85c60e\">\n.avia-image-container.av-m24kwmcq-e30e974c30de1da99a12dbda8d85c60e img.avia_image{\nbox-shadow:none;\n}\n.avia-image-container.av-m24kwmcq-e30e974c30de1da99a12dbda8d85c60e .av-image-caption-overlay-center{\ncolor:#ffffff;\n}\n<\/style>\n<div  class='avia-image-container av-m24kwmcq-e30e974c30de1da99a12dbda8d85c60e av-styling- avia-align-left  avia-builder-el-9  avia-builder-el-no-sibling '   itemprop=\"image\" itemscope=\"itemscope\" itemtype=\"https:\/\/schema.org\/ImageObject\" ><div class=\"avia-image-container-inner\"><div class=\"avia-image-overlay-wrap\"><img decoding=\"async\" class='wp-image-3258 avia-img-lazy-loading-not-3258 avia_image ' src=\"https:\/\/laserlinefustelle.com\/wp-content\/uploads\/2024\/10\/home_1.jpg\" alt='' title='home_1'  height=\"500\" width=\"500\"  itemprop=\"thumbnailUrl\" srcset=\"https:\/\/laserlinefustelle.com\/wp-content\/uploads\/2024\/10\/home_1.jpg 500w, https:\/\/laserlinefustelle.com\/wp-content\/uploads\/2024\/10\/home_1-300x300.jpg 300w, https:\/\/laserlinefustelle.com\/wp-content\/uploads\/2024\/10\/home_1-80x80.jpg 80w, https:\/\/laserlinefustelle.com\/wp-content\/uploads\/2024\/10\/home_1-36x36.jpg 36w, https:\/\/laserlinefustelle.com\/wp-content\/uploads\/2024\/10\/home_1-180x180.jpg 180w\" sizes=\"(max-width: 500px) 100vw, 500px\" \/><\/div><\/div><\/div><\/div>\n<div class='flex_column av-6k31an-0d06931227c7b7f036dbc07da25714e0 av_one_half  avia-builder-el-10  el_after_av_one_half  el_before_av_one_half  flex_column_div '     ><p>\n<style type=\"text\/css\" data-created_by=\"avia_inline_auto\" id=\"style-css-av-m24kxyo9-e55cd6f35b0371fd832abb0a4f39d77a\">\n#top .av-special-heading.av-m24kxyo9-e55cd6f35b0371fd832abb0a4f39d77a{\npadding-bottom:10px;\n}\nbody .av-special-heading.av-m24kxyo9-e55cd6f35b0371fd832abb0a4f39d77a .av-special-heading-tag .heading-char{\nfont-size:25px;\n}\n.av-special-heading.av-m24kxyo9-e55cd6f35b0371fd832abb0a4f39d77a .av-subheading{\nfont-size:15px;\n}\n<\/style>\n<div  class='av-special-heading av-m24kxyo9-e55cd6f35b0371fd832abb0a4f39d77a av-special-heading-h1 blockquote modern-quote  avia-builder-el-11  el_before_av_iconlist  avia-builder-el-first '><h1 class='av-special-heading-tag'  itemprop=\"headline\"  >Fustelle<\/h1><div class=\"special-heading-border\"><div class=\"special-heading-inner-border\"><\/div><\/div><\/div><br \/>\n<div  class='avia-icon-list-container av-m24l56yo-9d677389bb678fde87f2d7db1e8eab67  avia-builder-el-12  el_after_av_heading  avia-builder-el-last '><ul class='avia-icon-list avia_animate_when_almost_visible avia-icon-list-left av-iconlist-big av-m24l56yo-9d677389bb678fde87f2d7db1e8eab67 avia-iconlist-animate'>\n<li><div class='iconlist_icon av-m24ky6bj-3b7862ea15d5cd13cd33c2fba324994e avia-font-entypo-fontello'><span class='iconlist-char' aria-hidden='true' data-av_icon='\ue812' data-av_iconfont='entypo-fontello'><\/span><\/div><article class=\"article-icon-entry av-iconlist-empty\"  itemscope=\"itemscope\" itemtype=\"https:\/\/schema.org\/CreativeWork\" ><div class=\"iconlist_content_wrap\"><header class=\"entry-content-header\"><h4 class='av_iconlist_title iconlist_title  '  itemprop=\"headline\" >Impianti fustelle per platine ed autoplatine per cartone teso e ondulato<\/h4><\/header><div class='iconlist_content '  itemprop=\"text\" ><\/div><\/div><footer class=\"entry-footer\"><\/footer><\/article><div class=\"iconlist-timeline\"><\/div><\/li>\n<li><div class='iconlist_icon av-m24kyb5v-9cccf8ad1d75375a8a21786569de6af6 avia-font-entypo-fontello'><span class='iconlist-char' aria-hidden='true' data-av_icon='\ue812' data-av_iconfont='entypo-fontello'><\/span><\/div><article class=\"article-icon-entry av-iconlist-empty\"  itemscope=\"itemscope\" itemtype=\"https:\/\/schema.org\/CreativeWork\" ><div class=\"iconlist_content_wrap\"><header class=\"entry-content-header\"><h4 class='av_iconlist_title iconlist_title  '  itemprop=\"headline\" >Estrazione tradizionale<\/h4><\/header><div class='iconlist_content '  itemprop=\"text\" ><\/div><\/div><footer class=\"entry-footer\"><\/footer><\/article><div class=\"iconlist-timeline\"><\/div><\/li>\n<li><div class='iconlist_icon av-m24kygq0-98024b48bfc780a601acd8b35c985868 avia-font-entypo-fontello'><span class='iconlist-char' aria-hidden='true' data-av_icon='\ue812' data-av_iconfont='entypo-fontello'><\/span><\/div><article class=\"article-icon-entry av-iconlist-empty\"  itemscope=\"itemscope\" itemtype=\"https:\/\/schema.org\/CreativeWork\" ><div class=\"iconlist_content_wrap\"><header class=\"entry-content-header\"><h4 class='av_iconlist_title iconlist_title  '  itemprop=\"headline\" > Estrazione dinamica<\/h4><\/header><div class='iconlist_content '  itemprop=\"text\" ><\/div><\/div><footer class=\"entry-footer\"><\/footer><\/article><div class=\"iconlist-timeline\"><\/div><\/li>\n<li><div class='iconlist_icon av-m24kznvp-842a0dc335505f49015b92f37100540f avia-font-entypo-fontello'><span class='iconlist-char' aria-hidden='true' data-av_icon='\ue812' data-av_iconfont='entypo-fontello'><\/span><\/div><article class=\"article-icon-entry av-iconlist-empty\"  itemscope=\"itemscope\" itemtype=\"https:\/\/schema.org\/CreativeWork\" ><div class=\"iconlist_content_wrap\"><header class=\"entry-content-header\"><h4 class='av_iconlist_title iconlist_title  '  itemprop=\"headline\" >Impianti di separazione<\/h4><\/header><div class='iconlist_content '  itemprop=\"text\" ><\/div><\/div><footer class=\"entry-footer\"><\/footer><\/article><div class=\"iconlist-timeline\"><\/div><\/li>\n<li><div class='iconlist_icon av-m24kzsm8-5d70df35f8a45d6d38ef237f6aee5d98 avia-font-entypo-fontello'><span class='iconlist-char' aria-hidden='true' data-av_icon='\ue812' data-av_iconfont='entypo-fontello'><\/span><\/div><article class=\"article-icon-entry av-iconlist-empty\"  itemscope=\"itemscope\" itemtype=\"https:\/\/schema.org\/CreativeWork\" ><div class=\"iconlist_content_wrap\"><header class=\"entry-content-header\"><h4 class='av_iconlist_title iconlist_title  '  itemprop=\"headline\" >Matrici<\/h4><\/header><div class='iconlist_content '  itemprop=\"text\" ><\/div><\/div><footer class=\"entry-footer\"><\/footer><\/article><div class=\"iconlist-timeline\"><\/div><\/li>\n<li><div class='iconlist_icon av-m24kzz1c-b50939f39272338ec18c3477660c5533 avia-font-entypo-fontello'><span class='iconlist-char' aria-hidden='true' data-av_icon='\ue812' data-av_iconfont='entypo-fontello'><\/span><\/div><article class=\"article-icon-entry av-iconlist-empty\"  itemscope=\"itemscope\" itemtype=\"https:\/\/schema.org\/CreativeWork\" ><div class=\"iconlist_content_wrap\"><header class=\"entry-content-header\"><h4 class='av_iconlist_title iconlist_title  '  itemprop=\"headline\" >Lamierini fresati per Bobst<\/h4><\/header><div class='iconlist_content '  itemprop=\"text\" ><\/div><\/div><footer class=\"entry-footer\"><\/footer><\/article><div class=\"iconlist-timeline\"><\/div><\/li>\n<\/ul><\/div><\/p><\/div><div class='flex_column av-3v5o0f-7a20d7b07a80292fcaebef4a91ffe0a7 av_one_half  avia-builder-el-13  el_after_av_one_half  el_before_av_one_half  first flex_column_div column-top-margin'     ><style type=\"text\/css\" data-created_by=\"avia_inline_auto\" id=\"style-css-av-m24lbwm9-c3cc2ed14a16c2fb7d8d5e73aaff6164\">\n.avia-image-container.av-m24lbwm9-c3cc2ed14a16c2fb7d8d5e73aaff6164 img.avia_image{\nbox-shadow:none;\n}\n.avia-image-container.av-m24lbwm9-c3cc2ed14a16c2fb7d8d5e73aaff6164 .av-image-caption-overlay-center{\ncolor:#ffffff;\n}\n<\/style>\n<div  class='avia-image-container av-m24lbwm9-c3cc2ed14a16c2fb7d8d5e73aaff6164 av-styling- avia-align-left  avia-builder-el-14  avia-builder-el-no-sibling '   itemprop=\"image\" itemscope=\"itemscope\" itemtype=\"https:\/\/schema.org\/ImageObject\" ><div class=\"avia-image-container-inner\"><div class=\"avia-image-overlay-wrap\"><img decoding=\"async\" class='wp-image-3458 avia-img-lazy-loading-not-3458 avia_image ' src=\"https:\/\/laserlinefustelle.com\/wp-content\/uploads\/2024\/10\/espositori-1.jpg\" alt='' title='espositori-1'  height=\"560\" width=\"560\"  itemprop=\"thumbnailUrl\" srcset=\"https:\/\/laserlinefustelle.com\/wp-content\/uploads\/2024\/10\/espositori-1.jpg 560w, https:\/\/laserlinefustelle.com\/wp-content\/uploads\/2024\/10\/espositori-1-300x300.jpg 300w, https:\/\/laserlinefustelle.com\/wp-content\/uploads\/2024\/10\/espositori-1-80x80.jpg 80w, https:\/\/laserlinefustelle.com\/wp-content\/uploads\/2024\/10\/espositori-1-36x36.jpg 36w, https:\/\/laserlinefustelle.com\/wp-content\/uploads\/2024\/10\/espositori-1-180x180.jpg 180w\" sizes=\"(max-width: 560px) 100vw, 560px\" \/><\/div><\/div><\/div><\/div><\/p>\n<div class='flex_column av-2n2y3j-b46e974d35c79eb8395b2cd68630ee7d av_one_half  avia-builder-el-15  el_after_av_one_half  avia-builder-el-last  flex_column_div column-top-margin'     ><style type=\"text\/css\" data-created_by=\"avia_inline_auto\" id=\"style-css-av-m24lc609-f5c52acad4c8f3db601ea2a70f9fb241\">\n#top .av-special-heading.av-m24lc609-f5c52acad4c8f3db601ea2a70f9fb241{\npadding-bottom:10px;\n}\nbody .av-special-heading.av-m24lc609-f5c52acad4c8f3db601ea2a70f9fb241 .av-special-heading-tag .heading-char{\nfont-size:25px;\n}\n.av-special-heading.av-m24lc609-f5c52acad4c8f3db601ea2a70f9fb241 .av-subheading{\nfont-size:16px;\n}\n<\/style>\n<div  class='av-special-heading av-m24lc609-f5c52acad4c8f3db601ea2a70f9fb241 av-special-heading-h1 blockquote modern-quote  avia-builder-el-16  avia-builder-el-no-sibling '><h1 class='av-special-heading-tag'  itemprop=\"headline\"  >Progettazione e realizzazione di campioni per il packaging e di espositori<\/h1><div class='av-subheading av-subheading_below'><p>Laser Line Fustelle s.r.l.  progetta e realizza sia campioni per packaging che per espositori da banco e totem. Per quest\u2019ultimo gruppo l\u2019azienda propone ai suoi clienti un catalogo, cos\u00ec che essi possano scegliere con maggiore velocit\u00e0 e comodit\u00e0 il modello ideale per soddisfare le loro necessit\u00e0. Lo step successivo \u00e8 la creazione multimediale. In questa fase l\u2019esperienza dei nostri tecnici \u00e8 fondamentale per un risultato di qualit\u00e0. Per concludere, il lavoro verr\u00e0 realizzato con il plotter per poter essere esaminato dal cliente e dal nostro personale.<\/p>\n<\/div><div class=\"special-heading-border\"><div class=\"special-heading-inner-border\"><\/div><\/div><\/div><\/div>\n","protected":false},"excerpt":{"rendered":"<p>This is a Page excerpt. It will be displayed for search results<\/p>\n","protected":false},"author":1,"featured_media":0,"parent":0,"menu_order":0,"comment_status":"open","ping_status":"closed","template":"","meta":{"footnotes":""},"class_list":["post-1023","page","type-page","status-publish","hentry"],"_links":{"self":[{"href":"https:\/\/laserlinefustelle.com\/index.php\/wp-json\/wp\/v2\/pages\/1023","targetHints":{"allow":["GET"]}}],"collection":[{"href":"https:\/\/laserlinefustelle.com\/index.php\/wp-json\/wp\/v2\/pages"}],"about":[{"href":"https:\/\/laserlinefustelle.com\/index.php\/wp-json\/wp\/v2\/types\/page"}],"author":[{"embeddable":true,"href":"https:\/\/laserlinefustelle.com\/index.php\/wp-json\/wp\/v2\/users\/1"}],"replies":[{"embeddable":true,"href":"https:\/\/laserlinefustelle.com\/index.php\/wp-json\/wp\/v2\/comments?post=1023"}],"version-history":[{"count":22,"href":"https:\/\/laserlinefustelle.com\/index.php\/wp-json\/wp\/v2\/pages\/1023\/revisions"}],"predecessor-version":[{"id":3548,"href":"https:\/\/laserlinefustelle.com\/index.php\/wp-json\/wp\/v2\/pages\/1023\/revisions\/3548"}],"wp:attachment":[{"href":"https:\/\/laserlinefustelle.com\/index.php\/wp-json\/wp\/v2\/media?parent=1023"}],"curies":[{"name":"wp","href":"https:\/\/api.w.org\/{rel}","templated":true}]}}